{"id":82,"date":"2015-09-28T20:47:03","date_gmt":"2015-09-29T02:47:03","guid":{"rendered":"http:\/\/iae.org.mx\/sitio15\/wordpress\/?page_id=82"},"modified":"2018-08-14T18:42:19","modified_gmt":"2018-08-15T00:42:19","slug":"quienes-somos","status":"publish","type":"page","link":"http:\/\/iae.org.mx\/sitio15\/wordpress\/?page_id=82","title":{"rendered":"Qui\u00e9nes somos"},"content":{"rendered":"<p>&nbsp;<\/p>\n<p>INNOVACI\u00d3N Y ASESOR\u00cdA EDUCATIVA A. C., es una organizaci\u00f3n no gubernamental sin fines de lucro, que impulsa diversos proyectos y acciones con la finalidad de fortalecer los procesos de mejora de la educaci\u00f3n y las escuelas en el pa\u00eds. Est\u00e1 integrada por directivos, docentes, acad\u00e9micos e investigadores nacionales y extranjeros, quienes llevan a cabo diversas actividades para el fortalecimiento, reflexi\u00f3n y toma de decisiones en torno a temas prioritarios para la mejora de la calidad de la educaci\u00f3n.<\/p>\n<p><!--more--><\/p>\n<p><strong>Prop\u00f3sitos<\/strong><\/p>\n<ul>\n<li>Promover\u00a0 e integrar una red de profesionales de la educaci\u00f3n interesados en fortalecer la escuela mexicana mediante su participaci\u00f3n en procesos que coadyuven al desarrollo profesional de los docentes y las instituciones de educaci\u00f3n b\u00e1sica, normal, media y superior en M\u00e9xico.<\/li>\n<li>Promover, dise\u00f1ar y desarrollar investigaci\u00f3n e innovaci\u00f3n educativa.<\/li>\n<li>Realizar el seguimiento y la evaluaci\u00f3n de proyectos, programas y actividades institucionales.<\/li>\n<li>Dise\u00f1ar y realizar actividades de formaci\u00f3n, \u00a0actualizaci\u00f3n y desarrollo profesional de directivos, docentes equipos y personal de apoyo t\u00e9cnico, as\u00ed como responsables del gobierno y administraci\u00f3n de la \u00a0educaci\u00f3n b\u00e1sica, normal, media y superior.<\/li>\n<li>Ofrecer asesor\u00eda t\u00e9cnica a profesionales de la educaci\u00f3n, centros escolares e instituciones p\u00fablicas y privadas.<\/li>\n<li>Dise\u00f1ar y editar textos, art\u00edculos y publicaciones relacionadas con la educaci\u00f3n b\u00e1sica, \u00a0normal, media y superior.<\/li>\n<li>Dise\u00f1ar,\u00a0 producir y reproducir materiales (impresos, audiovisuales y todos tipo) para apoyar\u00a0 la ense\u00f1anza, el aprendizaje\u00a0 y la formaci\u00f3n docente.<\/li>\n<li>Promover, organizar y desarrollar, as\u00ed como participar en eventos de intercambio y difusi\u00f3n de experiencias docentes y directivas, as\u00ed como de resultados de proyectos de innovaci\u00f3n e investigaci\u00f3n educativa.<\/li>\n<li>Asesorar a supervisores, directivos y docentes en la \u00a0identificaci\u00f3n d elos principales problemas educativos y en el dise\u00f1o de un plan (o proyecto) institucional para superarlos, especialmente aquellos relacionados con la gesti\u00f3n y organizaci\u00f3n, la ense\u00f1anza y el aprendizaje.<\/li>\n<\/ul>\n<p>&nbsp;<\/p>\n<p><strong>Nuestra misi\u00f3n<\/strong><\/p>\n<p>INNOVACI\u00d3N Y ASESOR\u00cdA EDUCATIVA, A.C., pretende el fortalecimiento de la escuela de educaci\u00f3n b\u00e1sica, \u00a0normal, media y superior mediante el desarrollo y la articulaci\u00f3n de procesos y acciones relacionados con la innovaci\u00f3n, la investigaci\u00f3n y la evaluaci\u00f3n educativa, as\u00ed como de formaci\u00f3n y desarrollo profesional, intercambio acad\u00e9mico, dise\u00f1o y producci\u00f3n de publicaciones y de materiales educativos.<\/p>\n<p>Sus destinatarios son: autoridades de la administraci\u00f3n de los sistemas educativos, los planteles escolares, colectivos docentes, personal de apoyo t\u00e9cnico, directivos, mandos escolares y docentes.<\/p>\n<p>&nbsp;<\/p>\n<p><strong>\u00a0L\u00edneas de trabajo<\/strong><\/p>\n<ul>\n<li>Investigaci\u00f3n<\/li>\n<li>Innovaci\u00f3n<\/li>\n<li>Asesor\u00eda<\/li>\n<li>Evaluaci\u00f3n<\/li>\n<li>Formaci\u00f3n y desarrollo profesional<\/li>\n<li>Publicaciones<\/li>\n<li>Dise\u00f1o y producci\u00f3n de materiales educativos<\/li>\n<li>Gesti\u00f3n de apoyos para la cooperaci\u00f3n internacional<\/li>\n<li>Redes de profesionales de la educaci\u00f3n<\/li>\n<\/ul>\n<p>&nbsp;<\/p>\n<p><strong>Qu\u00e9 ofrecemos?<\/strong><\/p>\n<ul>\n<li>Dise\u00f1o, seguimiento y evaluaci\u00f3n de pol\u00edticas, programas y proyectos educativos.<\/li>\n<li>Asesoramiento para el dise\u00f1o e implementaci\u00f3n de pol\u00edticas programas y\u00a0 proyectos institucionales.<\/li>\n<li>Asesor\u00eda, dise\u00f1o,\u00a0 desarrollo y evaluaci\u00f3n de estrategias de intervenci\u00f3n\u00a0 e innovaci\u00f3n pedag\u00f3gica en los centros escolares.<\/li>\n<li>Asesor\u00eda y acompa\u00f1amiento a instituciones y colectivos docentes para la cooperaci\u00f3n internacional.<\/li>\n<li>Asesor\u00eda en la elaboraci\u00f3n de diagn\u00f3sticos educativos y dise\u00f1o de programas institucionales y estatales de educaci\u00f3n.<\/li>\n<li>Dise\u00f1o y desarrollo de programas de formaci\u00f3n (seminarios, cursos, cursos-taller,\u00a0 diplomados\u00a0 y\u00a0 especializaciones)\u00a0 (presenciales y\u00a0 en l\u00ednea)\u00a0 dirigidos autoridades de la administraci\u00f3n del sistema educativo, grupos t\u00e9cnicos y de apoyo a las escuelas, directivos, supervisores, colectivos escolares y docentes.<\/li>\n<li>Organizaci\u00f3n de programas de estudio en el pa\u00eds y en el extranjero (Pasant\u00edas, Estancias Acad\u00e9micas, Congresos, Encuentros).<\/li>\n<li>Organizaci\u00f3n de Seminarios Internacionales sobre diversos temas educativos.<\/li>\n<li>Asesor\u00eda y acompa\u00f1amiento para la edici\u00f3n de materiales educativos, informes, memorias, programas multimedia y videos.<\/li>\n<li>Dise\u00f1o, edici\u00f3n y producci\u00f3n de materiales de apoyo y para la reflexi\u00f3n educativa.<\/li>\n<\/ul>\n","protected":false},"excerpt":{"rendered":"<p>&nbsp; INNOVACI\u00d3N Y ASESOR\u00cdA EDUCATIVA A. C., es una organizaci\u00f3n no gubernamental sin fines de lucro, que impulsa diversos proyectos y acciones con la finalidad de fortalecer los procesos de mejora de la educaci\u00f3n y las escuelas en el pa\u00eds. Est\u00e1 integrada por directivos, docentes, acad\u00e9micos e investigadores nacionales y extranjeros, quienes llevan a cabo [&hellip;]<\/p>\n","protected":false},"author":1,"featured_media":0,"parent":0,"menu_order":0,"comment_status":"open","ping_status":"open","template":"","meta":{"footnotes":""},"_links":{"self":[{"href":"http:\/\/iae.org.mx\/sitio15\/wordpress\/index.php?rest_route=\/wp\/v2\/pages\/82"}],"collection":[{"href":"http:\/\/iae.org.mx\/sitio15\/wordpress\/index.php?rest_route=\/wp\/v2\/pages"}],"about":[{"href":"http:\/\/iae.org.mx\/sitio15\/wordpress\/index.php?rest_route=\/wp\/v2\/types\/page"}],"author":[{"embeddable":true,"href":"http:\/\/iae.org.mx\/sitio15\/wordpress\/index.php?rest_route=\/wp\/v2\/users\/1"}],"replies":[{"embeddable":true,"href":"http:\/\/iae.org.mx\/sitio15\/wordpress\/index.php?rest_route=%2Fwp%2Fv2%2Fcomments&post=82"}],"version-history":[{"count":9,"href":"http:\/\/iae.org.mx\/sitio15\/wordpress\/index.php?rest_route=\/wp\/v2\/pages\/82\/revisions"}],"predecessor-version":[{"id":958,"href":"http:\/\/iae.org.mx\/sitio15\/wordpress\/index.php?rest_route=\/wp\/v2\/pages\/82\/revisions\/958"}],"wp:attachment":[{"href":"http:\/\/iae.org.mx\/sitio15\/wordpress\/index.php?rest_route=%2Fwp%2Fv2%2Fmedia&parent=82"}],"curies":[{"name":"wp","href":"https:\/\/api.w.org\/{rel}","templated":true}]}}