{"id":17,"date":"2015-09-28T17:33:08","date_gmt":"2015-09-28T23:33:08","guid":{"rendered":"http:\/\/iae.org.mx\/sitio15\/wordpress\/?page_id=17"},"modified":"2015-09-28T20:27:44","modified_gmt":"2015-09-29T02:27:44","slug":"modelos-de-atencion","status":"publish","type":"page","link":"http:\/\/iae.org.mx\/sitio15\/wordpress\/?page_id=17","title":{"rendered":"Modelos de atenci\u00f3n"},"content":{"rendered":"<p>&nbsp;<\/p>\n<div id=\"main\">\n<p>\u00a0<strong>INVESTIGACIONES<\/strong><\/p>\n<p align=\"justify\">Registro sistem\u00e1tico de experiencias; investigaciones destinadas al desarrollo de programas y proyectos educativos;\u00a0 apoyo y desarrollo de proyectos de investigaci\u00f3n relacionados con las \u00e1reas de inter\u00e9s de los asociados de Innovaci\u00f3n y Asesor\u00eda Educativa, A.C.<\/p>\n<p align=\"justify\"><strong>INNOVACIONES<\/strong><\/p>\n<p align=\"justify\">Desarrollo de propuestas in\u00e9ditas para resolver de manera creativa problemas educativos complejos o persistentes en diferentes \u00e1reas de la acci\u00f3n educativa.<\/p>\n<p align=\"justify\"><strong>PROGRAMAS DE FORMACI\u00d3N<\/strong><\/p>\n<p align=\"justify\">Talleres, diplomados, cursos-talleres, seminarios, pasant\u00edas acad\u00e9micas, encuentros, congresos, coloquios, conferencias, formaci\u00f3n en l\u00ednea.<\/p>\n<p align=\"justify\"><strong>ASESOR\u00cdA<\/strong><\/p>\n<p align=\"justify\">A instituciones, directivos, supervisores, grupos t\u00e9cnicos, colectivos escolares y docentes.<\/p>\n<p align=\"justify\"><strong>EVALUACIONES<\/strong><\/p>\n<p align=\"justify\">Valoraci\u00f3n cuantitativa y cualitativa de instituciones, proyectos, programas o procesos educativos, con la finalidad de tener claridad en la toma de decisiones sistem\u00e1ticas de mejora.<\/p>\n<p align=\"justify\"><strong>ORGANIZACI\u00d3N DE FOROS, COLOQUIOS Y SEMINARIOS NACIONALES E INTERNACIONALES<\/strong><\/p>\n<p align=\"justify\">Apoyo a instituciones de educaci\u00f3n y asociaciones; realizaci\u00f3n de eventos pedag\u00f3gicos y acad\u00e9micos; apoyo a instituciones gubernamentales y estatales para llevar a cabo congresos y programas educativos, entre otros.<\/p>\n<p align=\"justify\"><strong>PUBLICACIONES<\/strong><\/p>\n<p align=\"justify\">Producci\u00f3n de art\u00edculos para revistas especializadas, apoyo para publicaci\u00f3n de ediciones especiales y experiencias de investigaci\u00f3n y asesor\u00eda, entre otros.<\/p>\n<p align=\"justify\"><strong>DISE\u00d1O Y PRODUCCI\u00d3N DE MATERIALES EDUCATIVOS<\/strong><\/p>\n<\/div>\n","protected":false},"excerpt":{"rendered":"<p>&nbsp; \u00a0INVESTIGACIONES Registro sistem\u00e1tico de experiencias; investigaciones destinadas al desarrollo de programas y proyectos educativos;\u00a0 apoyo y desarrollo de proyectos de investigaci\u00f3n relacionados con las \u00e1reas de inter\u00e9s de los asociados de Innovaci\u00f3n y Asesor\u00eda Educativa, A.C. INNOVACIONES Desarrollo de propuestas in\u00e9ditas para resolver de manera creativa problemas educativos complejos o persistentes en diferentes \u00e1reas [&hellip;]<\/p>\n","protected":false},"author":1,"featured_media":0,"parent":0,"menu_order":0,"comment_status":"open","ping_status":"open","template":"","meta":{"footnotes":""},"_links":{"self":[{"href":"http:\/\/iae.org.mx\/sitio15\/wordpress\/index.php?rest_route=\/wp\/v2\/pages\/17"}],"collection":[{"href":"http:\/\/iae.org.mx\/sitio15\/wordpress\/index.php?rest_route=\/wp\/v2\/pages"}],"about":[{"href":"http:\/\/iae.org.mx\/sitio15\/wordpress\/index.php?rest_route=\/wp\/v2\/types\/page"}],"author":[{"embeddable":true,"href":"http:\/\/iae.org.mx\/sitio15\/wordpress\/index.php?rest_route=\/wp\/v2\/users\/1"}],"replies":[{"embeddable":true,"href":"http:\/\/iae.org.mx\/sitio15\/wordpress\/index.php?rest_route=%2Fwp%2Fv2%2Fcomments&post=17"}],"version-history":[{"count":5,"href":"http:\/\/iae.org.mx\/sitio15\/wordpress\/index.php?rest_route=\/wp\/v2\/pages\/17\/revisions"}],"predecessor-version":[{"id":74,"href":"http:\/\/iae.org.mx\/sitio15\/wordpress\/index.php?rest_route=\/wp\/v2\/pages\/17\/revisions\/74"}],"wp:attachment":[{"href":"http:\/\/iae.org.mx\/sitio15\/wordpress\/index.php?rest_route=%2Fwp%2Fv2%2Fmedia&parent=17"}],"curies":[{"name":"wp","href":"https:\/\/api.w.org\/{rel}","templated":true}]}}