{"id":1062,"date":"2019-02-09T22:02:11","date_gmt":"2019-02-10T04:02:11","guid":{"rendered":"http:\/\/iae.org.mx\/sitio15\/wordpress\/?page_id=1062"},"modified":"2019-02-09T22:10:02","modified_gmt":"2019-02-10T04:10:02","slug":"contacto","status":"publish","type":"page","link":"http:\/\/iae.org.mx\/sitio15\/wordpress\/?page_id=1062","title":{"rendered":"Contacto"},"content":{"rendered":"[contact-form]\n<p><strong>Por el fortalecimiento de la escuela mexicana<\/strong><\/p>\n<p>R\u00f3mulo Valdez Romero 101<\/p>\n<p>Colonia Presidentes Ejidales Delegaci\u00f3n Coyoac\u00e1n, M\u00e9xico, D. F. C.P. 04470<\/p>\n<p>Tel (0155) 25963070 Fax 56 56 7268<\/p>\n<p>RFC: IAE060331DE1 N\u00fam. Registro RENIECYT 5163 &#8211; www.iae.org.mx<\/p>\n","protected":false},"excerpt":{"rendered":"<p>Por el fortalecimiento de la escuela mexicana R\u00f3mulo Valdez Romero 101 Colonia Presidentes Ejidales Delegaci\u00f3n Coyoac\u00e1n, M\u00e9xico, D. F. C.P. 04470 Tel (0155) 25963070 Fax 56 56 7268 RFC: IAE060331DE1 N\u00fam. Registro RENIECYT 5163 &#8211; www.iae.org.mx<\/p>\n","protected":false},"author":1,"featured_media":172,"parent":0,"menu_order":0,"comment_status":"open","ping_status":"open","template":"","meta":{"footnotes":""},"_links":{"self":[{"href":"http:\/\/iae.org.mx\/sitio15\/wordpress\/index.php?rest_route=\/wp\/v2\/pages\/1062"}],"collection":[{"href":"http:\/\/iae.org.mx\/sitio15\/wordpress\/index.php?rest_route=\/wp\/v2\/pages"}],"about":[{"href":"http:\/\/iae.org.mx\/sitio15\/wordpress\/index.php?rest_route=\/wp\/v2\/types\/page"}],"author":[{"embeddable":true,"href":"http:\/\/iae.org.mx\/sitio15\/wordpress\/index.php?rest_route=\/wp\/v2\/users\/1"}],"replies":[{"embeddable":true,"href":"http:\/\/iae.org.mx\/sitio15\/wordpress\/index.php?rest_route=%2Fwp%2Fv2%2Fcomments&post=1062"}],"version-history":[{"count":6,"href":"http:\/\/iae.org.mx\/sitio15\/wordpress\/index.php?rest_route=\/wp\/v2\/pages\/1062\/revisions"}],"predecessor-version":[{"id":1068,"href":"http:\/\/iae.org.mx\/sitio15\/wordpress\/index.php?rest_route=\/wp\/v2\/pages\/1062\/revisions\/1068"}],"wp:featuredmedia":[{"embeddable":true,"href":"http:\/\/iae.org.mx\/sitio15\/wordpress\/index.php?rest_route=\/wp\/v2\/media\/172"}],"wp:attachment":[{"href":"http:\/\/iae.org.mx\/sitio15\/wordpress\/index.php?rest_route=%2Fwp%2Fv2%2Fmedia&parent=1062"}],"curies":[{"name":"wp","href":"https:\/\/api.w.org\/{rel}","templated":true}]}}